{"id":396,"date":"2020-07-09T07:27:30","date_gmt":"2020-07-09T07:27:30","guid":{"rendered":"https:\/\/laborgestasesores.es\/?page_id=396"},"modified":"2026-01-23T18:38:21","modified_gmt":"2026-01-23T18:38:21","slug":"consejeria-de-turismo-del-gobierno-autonomo-de-canarias","status":"publish","type":"page","link":"https:\/\/laborgestasesores.es\/index.php\/consejeria-de-turismo-del-gobierno-autonomo-de-canarias\/","title":{"rendered":"PATRONATO DE TURISMO &#8211; CABILDO DE GRAN CANARIA"},"content":{"rendered":"\t\t<div data-elementor-type=\"wp-page\" data-elementor-id=\"396\" class=\"elementor elementor-396\" data-elementor-settings=\"[]\">\n\t\t\t\t\t\t<div class=\"elementor-inner\">\n\t\t\t\t\t\t\t<div class=\"elementor-section-wrap\">\n\t\t\t\t\t\t\t<section class=\"elementor-section elementor-top-section elementor-element elementor-element-e1ad2ee elementor-section-boxed elementor-section-height-default elementor-section-height-default\" data-id=\"e1ad2ee\" data-element_type=\"section\">\n\t\t\t\t\t\t<div class=\"elementor-container elementor-column-gap-default\">\n\t\t\t\t\t\t\t<div class=\"elementor-row\">\n\t\t\t\t\t<div class=\"elementor-column elementor-col-100 elementor-top-column elementor-element elementor-element-e05dfa8\" data-id=\"e05dfa8\" data-element_type=\"column\">\n\t\t\t<div class=\"elementor-column-wrap elementor-element-populated\">\n\t\t\t\t\t\t\t<div class=\"elementor-widget-wrap\">\n\t\t\t\t\t\t<div class=\"elementor-element elementor-element-8604f5b elementor-widget elementor-widget-heading\" data-id=\"8604f5b\" data-element_type=\"widget\" data-widget_type=\"heading.default\">\n\t\t\t\t<div class=\"elementor-widget-container\">\n\t\t\t<h2 class=\"elementor-heading-title elementor-size-default\">Patronato de turismo - Cabildo de Gran Canaria<\/h2>\t\t<\/div>\n\t\t\t\t<\/div>\n\t\t\t\t\t\t<\/div>\n\t\t\t\t\t<\/div>\n\t\t<\/div>\n\t\t\t\t\t\t\t\t<\/div>\n\t\t\t\t\t<\/div>\n\t\t<\/section>\n\t\t\t\t<section class=\"elementor-section elementor-top-section elementor-element elementor-element-b0aee9a elementor-section-boxed elementor-section-height-default elementor-section-height-default\" data-id=\"b0aee9a\" data-element_type=\"section\">\n\t\t\t\t\t\t<div class=\"elementor-container elementor-column-gap-default\">\n\t\t\t\t\t\t\t<div class=\"elementor-row\">\n\t\t\t\t\t<div class=\"elementor-column elementor-col-50 elementor-top-column elementor-element elementor-element-c1b11ee\" data-id=\"c1b11ee\" data-element_type=\"column\">\n\t\t\t<div class=\"elementor-column-wrap elementor-element-populated\">\n\t\t\t\t\t\t\t<div class=\"elementor-widget-wrap\">\n\t\t\t\t\t\t<div class=\"elementor-element elementor-element-820699d elementor-widget elementor-widget-image\" data-id=\"820699d\" data-element_type=\"widget\" data-widget_type=\"image.default\">\n\t\t\t\t<div class=\"elementor-widget-container\">\n\t\t\t\t\t<div class=\"elementor-image\">\n\t\t\t\t\t\t\t\t\t\t<img loading=\"lazy\" decoding=\"async\" width=\"592\" height=\"440\" src=\"https:\/\/laborgestasesores.es\/wp-content\/uploads\/2020\/08\/picture.jpg\" class=\"attachment-large size-large\" alt=\"\" srcset=\"https:\/\/laborgestasesores.es\/wp-content\/uploads\/2020\/08\/picture.jpg 592w, https:\/\/laborgestasesores.es\/wp-content\/uploads\/2020\/08\/picture-300x223.jpg 300w\" sizes=\"(max-width: 592px) 100vw, 592px\" \/>\t\t\t\t\t\t\t\t\t\t\t<\/div>\n\t\t\t\t<\/div>\n\t\t\t\t<\/div>\n\t\t\t\t\t\t<\/div>\n\t\t\t\t\t<\/div>\n\t\t<\/div>\n\t\t\t\t<div class=\"elementor-column elementor-col-50 elementor-top-column elementor-element elementor-element-de52d25\" data-id=\"de52d25\" data-element_type=\"column\">\n\t\t\t<div class=\"elementor-column-wrap elementor-element-populated\">\n\t\t\t\t\t\t\t<div class=\"elementor-widget-wrap\">\n\t\t\t\t\t\t<div class=\"elementor-element elementor-element-521b0c3 elementor-widget elementor-widget-text-editor\" data-id=\"521b0c3\" data-element_type=\"widget\" data-widget_type=\"text-editor.default\">\n\t\t\t\t<div class=\"elementor-widget-container\">\n\t\t\t\t\t<div class=\"elementor-text-editor elementor-clearfix\"><i class=\"fa fa-arrow-right\" aria-hidden=\"true\" style=\"color:#01a9db\"><\/i>\nSolicitud de licencia de apertura de establecimiento o cambio de titularidad\n<\/br>\n<i class=\"fa fa-arrow-right\" aria-hidden=\"true\" style=\"color:#01a9db\"><\/i>\nConfecci\u00f3n y prestaci\u00f3n de listas de precio\n<\/br>\n<i class=\"fa fa-arrow-right\" aria-hidden=\"true\" style=\"color:#01a9db\"><\/i>\nRepresentaci\u00f3n en gestiones de tr\u00e1mite de presentaci\u00f3n ante la inspecci\u00f3n\n<\/br>\n<i class=\"fa fa-arrow-right\" aria-hidden=\"true\" style=\"color:#01a9db\"><\/i>\nSolicitud de hojas de reclamaciones\n<\/br>\n<i class=\"fa fa-arrow-right\" aria-hidden=\"true\" style=\"color:#01a9db\"><\/i>\nSolicitud de libros de inspecciones<\/div>\n\t\t\t\t<\/div>\n\t\t\t\t<\/div>\n\t\t\t\t\t\t<\/div>\n\t\t\t\t\t<\/div>\n\t\t<\/div>\n\t\t\t\t\t\t\t\t<\/div>\n\t\t\t\t\t<\/div>\n\t\t<\/section>\n\t\t\t\t\t\t<\/div>\n\t\t\t\t\t\t<\/div>\n\t\t\t\t\t<\/div>\n\t\t","protected":false},"excerpt":{"rendered":"<p>Patronato de turismo &#8211; Cabildo de Gran Canaria Solicitud de licencia de apertura de establecimiento o cambio de titularidad Confecci\u00f3n y prestaci\u00f3n de listas de precio Representaci\u00f3n en gestiones de tr\u00e1mite de presentaci\u00f3n ante la inspecci\u00f3n Solicitud de hojas de reclamaciones Solicitud de libros de inspecciones<\/p>\n","protected":false},"author":1,"featured_media":0,"parent":0,"menu_order":0,"comment_status":"closed","ping_status":"closed","template":"","meta":{"footnotes":""},"_links":{"self":[{"href":"https:\/\/laborgestasesores.es\/index.php\/wp-json\/wp\/v2\/pages\/396"}],"collection":[{"href":"https:\/\/laborgestasesores.es\/index.php\/wp-json\/wp\/v2\/pages"}],"about":[{"href":"https:\/\/laborgestasesores.es\/index.php\/wp-json\/wp\/v2\/types\/page"}],"author":[{"embeddable":true,"href":"https:\/\/laborgestasesores.es\/index.php\/wp-json\/wp\/v2\/users\/1"}],"replies":[{"embeddable":true,"href":"https:\/\/laborgestasesores.es\/index.php\/wp-json\/wp\/v2\/comments?post=396"}],"version-history":[{"count":18,"href":"https:\/\/laborgestasesores.es\/index.php\/wp-json\/wp\/v2\/pages\/396\/revisions"}],"predecessor-version":[{"id":1172,"href":"https:\/\/laborgestasesores.es\/index.php\/wp-json\/wp\/v2\/pages\/396\/revisions\/1172"}],"wp:attachment":[{"href":"https:\/\/laborgestasesores.es\/index.php\/wp-json\/wp\/v2\/media?parent=396"}],"curies":[{"name":"wp","href":"https:\/\/api.w.org\/{rel}","templated":true}]}}